{"id":4003,"date":"2019-05-10T16:35:03","date_gmt":"2019-05-10T19:35:03","guid":{"rendered":"http:\/\/mandragora.univasf.edu.br\/?page_id=4003"},"modified":"2020-08-12T02:46:27","modified_gmt":"2020-08-12T05:46:27","slug":"estatuto","status":"publish","type":"page","link":"https:\/\/mandragora.univasf.edu.br\/index.php\/estatuto\/","title":{"rendered":"Estatuto"},"content":{"rendered":"<p>[vc_row][vc_column][vc_button title=&#8221;ESTATUTO DA MANDR\u00c1GORA&#8221; target=&#8221;_blank&#8221; style=&#8221;light-color&#8221; href=&#8221;http:\/\/mandragora.univasf.edu.br\/wp-content\/uploads\/2020\/08\/Estatuto-da-Mandr\u00e1gora.pdf&#8221;][\/vc_column][\/vc_row][vc_row][vc_column][vc_empty_space][vc_button title=&#8221;ATA DE CRIA\u00c7\u00c3O DA MANDR\u00c1GORA&#8221; target=&#8221;_blank&#8221; style=&#8221;light-color&#8221; href=&#8221;http:\/\/mandragora.univasf.edu.br\/wp-content\/uploads\/2020\/08\/Ata-da-Cria\u00e7\u00e3o-da-Mandr\u00e1gora.pdf&#8221;][\/vc_column][\/vc_row]<\/p>\n","protected":false},"excerpt":{"rendered":"<p>[vc_row][vc_column][vc_button title=&#8221;ESTATUTO DA MANDR\u00c1GORA&#8221; target=&#8221;_blank&#8221; style=&#8221;light-color&#8221; href=&#8221;http:\/\/mandragora.univasf.edu.br\/wp-content\/uploads\/2020\/08\/Estatuto-da-Mandr\u00e1gora.pdf&#8221;][\/vc_column][\/vc_row][vc_row][vc_column][vc_empty_space][vc_button title=&#8221;ATA DE CRIA\u00c7\u00c3O DA MANDR\u00c1GORA&#8221; target=&#8221;_blank&#8221; style=&#8221;light-color&#8221; href=&#8221;http:\/\/mandragora.univasf.edu.br\/wp-content\/uploads\/2020\/08\/Ata-da-Cria\u00e7\u00e3o-da-Mandr\u00e1gora.pdf&#8221;][\/vc_column][\/vc_row]<\/p>\n","protected":false},"author":1,"featured_media":0,"parent":0,"menu_order":0,"comment_status":"closed","ping_status":"closed","template":"","meta":{"footnotes":""},"_links":{"self":[{"href":"https:\/\/mandragora.univasf.edu.br\/index.php\/wp-json\/wp\/v2\/pages\/4003"}],"collection":[{"href":"https:\/\/mandragora.univasf.edu.br\/index.php\/wp-json\/wp\/v2\/pages"}],"about":[{"href":"https:\/\/mandragora.univasf.edu.br\/index.php\/wp-json\/wp\/v2\/types\/page"}],"author":[{"embeddable":true,"href":"https:\/\/mandragora.univasf.edu.br\/index.php\/wp-json\/wp\/v2\/users\/1"}],"replies":[{"embeddable":true,"href":"https:\/\/mandragora.univasf.edu.br\/index.php\/wp-json\/wp\/v2\/comments?post=4003"}],"version-history":[{"count":2,"href":"https:\/\/mandragora.univasf.edu.br\/index.php\/wp-json\/wp\/v2\/pages\/4003\/revisions"}],"predecessor-version":[{"id":4303,"href":"https:\/\/mandragora.univasf.edu.br\/index.php\/wp-json\/wp\/v2\/pages\/4003\/revisions\/4303"}],"wp:attachment":[{"href":"https:\/\/mandragora.univasf.edu.br\/index.php\/wp-json\/wp\/v2\/media?parent=4003"}],"curies":[{"name":"wp","href":"https:\/\/api.w.org\/{rel}","templated":true}]}}